{"id":2,"date":"2023-05-02T15:23:08","date_gmt":"2023-05-02T13:23:08","guid":{"rendered":"http:\/\/boatingsoulmates.com\/?page_id=2"},"modified":"2025-06-14T10:08:55","modified_gmt":"2025-06-14T08:08:55","slug":"beispiel-seite","status":"publish","type":"page","link":"http:\/\/boatingsoulmates.com\/?page_id=2","title":{"rendered":"Beispiel-Seite"},"content":{"rendered":"<div class=\"bold_timeline_container bold_timeline_container_line_style_solid bold_timeline_container_has_line_style bold_timeline_container_line_thickness_normal bold_timeline_container_item_style_outline bold_timeline_container_line_position_vertical bold_timeline_container_line_position_overlap bold_timeline_container_line_position_center bold_timeline_container_item_frame_thickness_normal bold_timeline_container_item_shape_hard_rounded bold_timeline_container_item_icon_position_line bold_timeline_container_item_icon_shape_hard_rounded bold_timeline_container_item_icon_style_outline bold_timeline_container_item_connection_type_line bold_timeline_container_item_content_display_show bold_timeline_container_item_marker_type_dot bold_timeline_container_item_title_size_normal bold_timeline_container_item_supertitle_style_sticker bold_timeline_container_item_alignment_left bold_timeline_container_item_media_position_bottom bold_timeline_container_item_images_columns_2 bold_timeline_container_item_animation_fade_in bold_timeline_container_group_style_filled bold_timeline_container_group_shape_hard_rounded bold_timeline_container_group_thickness_normal bold_timeline_container_group_content_display_show bold_timeline_container_button_style_outline bold_timeline_container_button_shape_square bold_timeline_container_button_size_small bold_timeline_container_group_title_size_small\" id=\"id_69e0d45681509\" style=\"; --boldthemes-default-line-color: rgb(29,165,198); --boldthemes-default-group-color: rgb(29,165,198); --boldthemes-default-frame-color: rgb(29,165,198); --boldthemes-default-icon-color: rgb(29,165,198); --boldthemes-default-marker-color: rgb(29,165,198); --boldthemes-default-connection-color: rgb(29,165,198); --boldthemes-default-sticker-color: rgb(29,165,198);\" data-css-override=\"\"><div class = \"bold_timeline_container_line\"><\/div><div class=\"bold_timeline_container_content\"><div class=\"bold_timeline_group bold_timeline_group_override_style_filled bold_timeline_group_override_shape_hard_rounded bold_timeline_group_override_content_display_show bold_timeline_group_override_title_size_small bold_timeline_animate\" id=\"id_69e0d456817be\" data-css-override=\"\"><div class=\"bold_timeline_group_inner\"><div class=\"bold_timeline_group_header\"><div class=\"bold_timeline_group_header_inner\"><h3 class=\"bold_timeline_group_header_title\">Timline unserer Segelausbildung<\/h3><\/div><\/div><\/div><div class=\"bold_timeline_group_content\"><div class=\"bold_timeline_item bold_timeline_item_override_style_inherit bold_timeline_item_override_shape_inherit bold_timeline_item_override_frame_thickness_inherit bold_timeline_item_override_connection_type_inherit bold_timeline_item_override_content_display_inherit bold_timeline_item_override_animation_inherit bold_timeline_animate bold_timeline_item_override_marker_type_inherit bold_timeline_item_override_icon_position_inherit bold_timeline_item_override_icon_style_inherit bold_timeline_item_override_icon_shape_inherit bold_timeline_item_override_media_position_inherit bold_timeline_item_override_title_size_inherit bold_timeline_item_override_supertitle_style_inherit bold_timeline_item_override_alignment_inherit bold_timeline_item_has_icon bold_timeline_item_override_images_columns_inherit\" id=\"id_69e0d45681a55\" data-css-override=\"\" data-margin-top=\"0\"><div class = \"bold_timeline_item_icon\" data-ico-fa=\"&#xf170;\"><\/div><div class = \"bold_timeline_item_marker\"><\/div><div class = \"bold_timeline_item_connection\"><\/div><div class=\"bold_timeline_item_inner\"><div class=\"bold_timeline_item_header bold_timeline_item_header_no_content\"><div class=\"bold_timeline_item_header_inner\"><p class=\"bold_timeline_item_header_supertitle\"><span class=\"bold_timeline_item_header_supertitle_inner\">04. &amp; 05. Oktober 2024<\/span><\/p><h2 class=\"bold_timeline_item_header_title\">Segel-Basis Ausbildung Theorie<\/h2><p class=\"bold_timeline_item_header_subtitle\">YCA-O\u00d6<\/p><\/div><\/div><div class=\"bold_timeline_item_content\"><\/div><\/div><\/div><div class=\"bold_timeline_item bold_timeline_item_override_style_inherit bold_timeline_item_override_shape_inherit bold_timeline_item_override_frame_thickness_inherit bold_timeline_item_override_connection_type_inherit bold_timeline_item_override_content_display_inherit bold_timeline_item_override_animation_inherit bold_timeline_animate bold_timeline_item_override_marker_type_inherit bold_timeline_item_override_icon_position_inherit bold_timeline_item_override_icon_style_inherit bold_timeline_item_override_icon_shape_inherit bold_timeline_item_override_media_position_inherit bold_timeline_item_override_title_size_inherit bold_timeline_item_override_supertitle_style_inherit bold_timeline_item_override_alignment_inherit bold_timeline_item_has_icon bold_timeline_item_override_images_columns_inherit\" id=\"id_69e0d45681c36\" data-css-override=\"\" data-margin-top=\"0\"><div class = \"bold_timeline_item_icon\" data-ico-fa=\"&#xf170;\"><\/div><div class = \"bold_timeline_item_marker\"><\/div><div class = \"bold_timeline_item_connection\"><\/div><div class=\"bold_timeline_item_inner\"><div class=\"bold_timeline_item_header bold_timeline_item_header_no_content\"><div class=\"bold_timeline_item_header_inner\"><p class=\"bold_timeline_item_header_supertitle\"><span class=\"bold_timeline_item_header_supertitle_inner\">18. November bis 11. Dezember 2024<\/span><\/p><h2 class=\"bold_timeline_item_header_title\">Segel-FB2 Ausbildung Theorie<\/h2><p class=\"bold_timeline_item_header_subtitle\">YCA-O\u00d6<\/p><\/div><\/div><div class=\"bold_timeline_item_content\"><\/div><\/div><\/div><div class=\"bold_timeline_item bold_timeline_item_override_style_inherit bold_timeline_item_override_shape_inherit bold_timeline_item_override_frame_thickness_inherit bold_timeline_item_override_connection_type_inherit bold_timeline_item_override_content_display_inherit bold_timeline_item_override_animation_inherit bold_timeline_animate bold_timeline_item_override_marker_type_inherit bold_timeline_item_override_icon_position_inherit bold_timeline_item_override_icon_style_inherit bold_timeline_item_override_icon_shape_inherit bold_timeline_item_override_media_position_inherit bold_timeline_item_override_title_size_inherit bold_timeline_item_override_supertitle_style_inherit bold_timeline_item_override_alignment_inherit bold_timeline_item_has_icon bold_timeline_item_override_images_columns_inherit\" id=\"id_69e0d45681dc3\" data-css-override=\"\" data-margin-top=\"0\"><div class = \"bold_timeline_item_icon\" data-ico-fa=\"&#xf19d;\"><\/div><div class = \"bold_timeline_item_marker\"><\/div><div class = \"bold_timeline_item_connection\"><\/div><div class=\"bold_timeline_item_inner\"><div class=\"bold_timeline_item_header bold_timeline_item_header_no_content\"><div class=\"bold_timeline_item_header_inner\"><p class=\"bold_timeline_item_header_supertitle\"><span class=\"bold_timeline_item_header_supertitle_inner\">14. Dezember 2024<\/span><\/p><h2 class=\"bold_timeline_item_header_title\">FB2 &#8211; Theoriepr\u00fcfung<\/h2><p class=\"bold_timeline_item_header_subtitle\">YCA-O\u00d6<\/p><\/div><\/div><div class=\"bold_timeline_item_content\"><\/div><\/div><\/div><div class=\"bold_timeline_item bold_timeline_item_override_style_inherit bold_timeline_item_override_shape_inherit bold_timeline_item_override_frame_thickness_inherit bold_timeline_item_override_connection_type_inherit bold_timeline_item_override_content_display_inherit bold_timeline_item_override_animation_inherit bold_timeline_animate bold_timeline_item_override_marker_type_inherit bold_timeline_item_override_icon_position_inherit bold_timeline_item_override_icon_style_inherit bold_timeline_item_override_icon_shape_inherit bold_timeline_item_override_media_position_inherit bold_timeline_item_override_title_size_inherit bold_timeline_item_override_supertitle_style_inherit bold_timeline_item_override_alignment_inherit bold_timeline_item_has_icon bold_timeline_item_override_images_columns_inherit\" id=\"id_69e0d45681f71\" data-css-override=\"\" data-margin-top=\"0\"><div class = \"bold_timeline_item_icon\" data-ico-fa=\"&#xf19d;\"><\/div><div class = \"bold_timeline_item_marker\"><\/div><div class = \"bold_timeline_item_connection\"><\/div><div class=\"bold_timeline_item_inner\"><div class=\"bold_timeline_item_header bold_timeline_item_header_no_content\"><div class=\"bold_timeline_item_header_inner\"><p class=\"bold_timeline_item_header_supertitle\"><span class=\"bold_timeline_item_header_supertitle_inner\">14. Dezember 2024<\/span><\/p><h2 class=\"bold_timeline_item_header_title\">Pyrotechnik Pr\u00fcfung &#8211; Pyrotechnische Gegenst\u00e4nde Kategorie P2 <\/h2><p class=\"bold_timeline_item_header_subtitle\">YCA-O\u00d6<\/p><\/div><\/div><div class=\"bold_timeline_item_content\"><\/div><\/div><\/div><div class=\"bold_timeline_item bold_timeline_item_override_style_inherit bold_timeline_item_override_shape_inherit bold_timeline_item_override_frame_thickness_inherit bold_timeline_item_override_connection_type_inherit bold_timeline_item_override_content_display_inherit bold_timeline_item_override_animation_inherit bold_timeline_animate bold_timeline_item_override_marker_type_inherit bold_timeline_item_override_icon_position_inherit bold_timeline_item_override_icon_style_inherit bold_timeline_item_override_icon_shape_inherit bold_timeline_item_override_media_position_inherit bold_timeline_item_override_title_size_inherit bold_timeline_item_override_supertitle_style_inherit bold_timeline_item_override_alignment_inherit bold_timeline_item_has_icon bold_timeline_item_override_images_columns_inherit\" id=\"id_69e0d45682102\" data-css-override=\"\" data-margin-top=\"0\"><div class = \"bold_timeline_item_icon\" data-ico-fa=\"&#xf170;\"><\/div><div class = \"bold_timeline_item_marker\"><\/div><div class = \"bold_timeline_item_connection\"><\/div><div class=\"bold_timeline_item_inner\"><div class=\"bold_timeline_item_header bold_timeline_item_header_no_content\"><div class=\"bold_timeline_item_header_inner\"><p class=\"bold_timeline_item_header_supertitle\"><span class=\"bold_timeline_item_header_supertitle_inner\">22. &amp; 23. Februar 2025<\/span><\/p><h2 class=\"bold_timeline_item_header_title\">16h Erste Hilfe Kurs <\/h2><p class=\"bold_timeline_item_header_subtitle\">Rotes Kreuz Tulln<\/p><\/div><\/div><div class=\"bold_timeline_item_content\"><\/div><\/div><\/div><div class=\"bold_timeline_item bold_timeline_item_override_style_inherit bold_timeline_item_override_shape_inherit bold_timeline_item_override_frame_thickness_inherit bold_timeline_item_override_connection_type_inherit bold_timeline_item_override_content_display_inherit bold_timeline_item_override_animation_inherit bold_timeline_animate bold_timeline_item_override_marker_type_inherit bold_timeline_item_override_icon_position_inherit bold_timeline_item_override_icon_style_inherit bold_timeline_item_override_icon_shape_inherit bold_timeline_item_override_media_position_inherit bold_timeline_item_override_title_size_inherit bold_timeline_item_override_supertitle_style_inherit bold_timeline_item_override_alignment_inherit bold_timeline_item_has_icon bold_timeline_item_override_images_columns_inherit\" id=\"id_69e0d456822bd\" data-css-override=\"\" data-margin-top=\"0\"><div class = \"bold_timeline_item_icon\" data-ico-fa=\"&#xf13d;\"><\/div><div class = \"bold_timeline_item_marker\"><\/div><div class = \"bold_timeline_item_connection\"><\/div><div class=\"bold_timeline_item_inner\"><div class=\"bold_timeline_item_header bold_timeline_item_header_no_content\"><div class=\"bold_timeline_item_header_inner\"><p class=\"bold_timeline_item_header_supertitle\"><span class=\"bold_timeline_item_header_supertitle_inner\">26. &amp; 27. April 2025<\/span><\/p><h2 class=\"bold_timeline_item_header_title\">Segel-Basis Ausbildung Praxis am Attersee<\/h2><p class=\"bold_timeline_item_header_subtitle\">YCY-O\u00d6<\/p><\/div><\/div><div class=\"bold_timeline_item_content\"><\/div><\/div><\/div><div class=\"bold_timeline_item bold_timeline_item_override_style_inherit bold_timeline_item_override_shape_inherit bold_timeline_item_override_frame_thickness_inherit bold_timeline_item_override_connection_type_inherit bold_timeline_item_override_content_display_inherit bold_timeline_item_override_animation_inherit bold_timeline_animate bold_timeline_item_override_marker_type_inherit bold_timeline_item_override_icon_position_inherit bold_timeline_item_override_icon_style_inherit bold_timeline_item_override_icon_shape_inherit bold_timeline_item_override_media_position_inherit bold_timeline_item_override_title_size_inherit bold_timeline_item_override_supertitle_style_inherit bold_timeline_item_override_alignment_inherit bold_timeline_item_has_icon bold_timeline_item_override_images_columns_inherit\" id=\"id_69e0d45682460\" data-css-override=\"\" data-margin-top=\"0\"><div class = \"bold_timeline_item_icon\" data-ico-fa=\"&#xf13d;\"><\/div><div class = \"bold_timeline_item_marker\"><\/div><div class = \"bold_timeline_item_connection\"><\/div><div class=\"bold_timeline_item_inner\"><div class=\"bold_timeline_item_header bold_timeline_item_header_no_content\"><div class=\"bold_timeline_item_header_inner\"><p class=\"bold_timeline_item_header_supertitle\"><span class=\"bold_timeline_item_header_supertitle_inner\">17. bis 24. Mai 2025<\/span><\/p><h2 class=\"bold_timeline_item_header_title\">Segel-FB2 Ausbildung \u00dcbungst\u00f6rn in Trogir <\/h2><p class=\"bold_timeline_item_header_subtitle\">YCY-O\u00d6<\/p><\/div><\/div><div class=\"bold_timeline_item_content\"><\/div><\/div><\/div><div class=\"bold_timeline_item bold_timeline_item_override_style_inherit bold_timeline_item_override_shape_inherit bold_timeline_item_override_frame_thickness_inherit bold_timeline_item_override_connection_type_inherit bold_timeline_item_override_content_display_inherit bold_timeline_item_override_animation_inherit bold_timeline_animate bold_timeline_item_override_marker_type_inherit bold_timeline_item_override_icon_position_inherit bold_timeline_item_override_icon_style_inherit bold_timeline_item_override_icon_shape_inherit bold_timeline_item_override_media_position_inherit bold_timeline_item_override_title_size_inherit bold_timeline_item_override_supertitle_style_inherit bold_timeline_item_override_alignment_inherit bold_timeline_item_has_icon bold_timeline_item_override_images_columns_inherit\" id=\"id_69e0d456825f4\" data-css-override=\"\" data-margin-top=\"0\"><div class = \"bold_timeline_item_icon\" data-ico-fa=\"&#xf170;\"><\/div><div class = \"bold_timeline_item_marker\"><\/div><div class = \"bold_timeline_item_connection\"><\/div><div class=\"bold_timeline_item_inner\"><div class=\"bold_timeline_item_header bold_timeline_item_header_no_content\"><div class=\"bold_timeline_item_header_inner\"><p class=\"bold_timeline_item_header_supertitle\"><span class=\"bold_timeline_item_header_supertitle_inner\">09. bis 20. J\u00e4nner 2026<\/span><\/p><h2 class=\"bold_timeline_item_header_title\">Segel-FB3 Ausbildung Theorie<\/h2><p class=\"bold_timeline_item_header_subtitle\">YCA-O\u00d6<\/p><\/div><\/div><div class=\"bold_timeline_item_content\"><\/div><\/div><\/div><div class=\"bold_timeline_item bold_timeline_item_override_style_inherit bold_timeline_item_override_shape_inherit bold_timeline_item_override_frame_thickness_inherit bold_timeline_item_override_connection_type_inherit bold_timeline_item_override_content_display_inherit bold_timeline_item_override_animation_inherit bold_timeline_animate bold_timeline_item_override_marker_type_inherit bold_timeline_item_override_icon_position_inherit bold_timeline_item_override_icon_style_inherit bold_timeline_item_override_icon_shape_inherit bold_timeline_item_override_media_position_inherit bold_timeline_item_override_title_size_inherit bold_timeline_item_override_supertitle_style_inherit bold_timeline_item_override_alignment_inherit bold_timeline_item_has_icon bold_timeline_item_override_images_columns_inherit\" id=\"id_69e0d456827bf\" data-css-override=\"\" data-margin-top=\"0\"><div class = \"bold_timeline_item_icon\" data-ico-fa=\"&#xf19d;\"><\/div><div class = \"bold_timeline_item_marker\"><\/div><div class = \"bold_timeline_item_connection\"><\/div><div class=\"bold_timeline_item_inner\"><div class=\"bold_timeline_item_header bold_timeline_item_header_no_content\"><div class=\"bold_timeline_item_header_inner\"><p class=\"bold_timeline_item_header_supertitle\"><span class=\"bold_timeline_item_header_supertitle_inner\">24. J\u00e4nner 2026<\/span><\/p><h2 class=\"bold_timeline_item_header_title\">FB3 &#8211; Theoriepr\u00fcfung<\/h2><p class=\"bold_timeline_item_header_subtitle\">YCA-O\u00d6<\/p><\/div><\/div><div class=\"bold_timeline_item_content\"><\/div><\/div><\/div><div class=\"bold_timeline_item bold_timeline_item_override_style_inherit bold_timeline_item_override_shape_inherit bold_timeline_item_override_frame_thickness_inherit bold_timeline_item_override_connection_type_inherit bold_timeline_item_override_content_display_inherit bold_timeline_item_override_animation_inherit bold_timeline_animate bold_timeline_item_override_marker_type_inherit bold_timeline_item_override_icon_position_inherit bold_timeline_item_override_icon_style_inherit bold_timeline_item_override_icon_shape_inherit bold_timeline_item_override_media_position_inherit bold_timeline_item_override_title_size_inherit bold_timeline_item_override_supertitle_style_inherit bold_timeline_item_override_alignment_inherit bold_timeline_item_has_icon bold_timeline_item_override_images_columns_inherit\" id=\"id_69e0d45682957\" data-css-override=\"\" data-margin-top=\"0\"><div class = \"bold_timeline_item_icon\" data-ico-fa=\"&#xf170;\"><\/div><div class = \"bold_timeline_item_marker\"><\/div><div class = \"bold_timeline_item_connection\"><\/div><div class=\"bold_timeline_item_inner\"><div class=\"bold_timeline_item_header bold_timeline_item_header_no_content\"><div class=\"bold_timeline_item_header_inner\"><p class=\"bold_timeline_item_header_supertitle\"><span class=\"bold_timeline_item_header_supertitle_inner\">13. &amp; 14. M\u00e4rz 2026<\/span><\/p><h2 class=\"bold_timeline_item_header_title\">SRC-Funk Ausbildung<\/h2><p class=\"bold_timeline_item_header_subtitle\">YCA-O\u00d6<\/p><\/div><\/div><div class=\"bold_timeline_item_content\"><\/div><\/div><\/div><\/div><div class=\"bold_timeline_group_show_button\"><div class=\"bold_timeline_group_show_button_inner\">[bold_timeline_item_button title=&#8220;Expand&#8220; style=&#8220;&#8220; shape=&#8220;&#8220; color=&#8220;&#8220; size=&#8220;inline&#8220; url=&#8220;#&#8220; el_class=&#8220;bold_timeline_group_button&#8220;]<\/div><\/div><\/div><\/div><\/div>\n\n\n\n<p><\/p>\n\n\n\n<p>Dies ist eine Beispiel-Seite. Sie unterscheidet sich von Beitr\u00e4gen, da sie stets an derselben Stelle bleibt und (bei den meisten Themes) in der Website-Navigation angezeigt wird. Die meisten starten mit einem Impressum, der Datenschutzerkl\u00e4rung oder einer \u201e\u00dcber\u00a0uns\u201c-Seite, um sich potenziellen Besuchern der Website vorzustellen. Dort k\u00f6nnte zum Beispiel stehen:<\/p>\n\n\n\n<blockquote class=\"wp-block-quote is-layout-flow wp-block-quote-is-layout-flow\">\n<p>Hallo! Tags\u00fcber arbeite ich als Fahrradkurier, nachts bin ich ein aufstrebender Schauspieler und dies hier ist meine Website. Ich lebe in Berlin, habe einen gro\u00dfen Hund namens Jack, mag Pi\u00f1a Coladas, jedoch weniger (ohne Schirm) im Regen stehen gelassen zu werden.<\/p>\n<\/blockquote>\n\n\n\n<p>&#8230;&nbsp;oder so etwas wie:<\/p>\n\n\n\n<blockquote class=\"wp-block-quote is-layout-flow wp-block-quote-is-layout-flow\">\n<p>Das Unternehmen XYZ wurde 1971 gegr\u00fcndet und versorgt die \u00d6ffentlichkeit seither mit qualitativ hochwertigen Produkten. An seinem Standort in einer kleinen Gro\u00dfstadt besch\u00e4ftigt der Betrieb \u00fcber 2.000 Menschen und unterst\u00fctzt die Stadtbewohner in vielfacher Hinsicht.<\/p>\n<\/blockquote>\n\n\n\n<p>Als neuer WordPress-Benutzer solltest du <a href=\"http:\/\/boatingsoulmates.com\/wp-admin\/\">dein Dashboard<\/a> aufrufen, um diese Seite zu l\u00f6schen und neue Seiten und Beitr\u00e4ge f\u00fcr deine Website erstellen. Viel Spa\u00df!<\/p>\n","protected":false},"excerpt":{"rendered":"<p>Dies ist eine Beispiel-Seite. Sie unterscheidet sich von Beitr\u00e4gen, da sie stets an derselben Stelle bleibt und (bei den meisten Themes) in der Website-Navigation angezeigt wird. Die meisten starten mit einem Impressum, der Datenschutzerkl\u00e4rung oder einer \u201e\u00dcber\u00a0uns\u201c-Seite, um sich potenziellen Besuchern der Website vorzustellen. Dort k\u00f6nnte zum Beispiel stehen: Hallo! Tags\u00fcber arbeite ich als Fahrradkurier, nachts bin ich ein aufstrebender Schauspieler und dies hier ist meine Website. Ich lebe in Berlin, habe einen gro\u00dfen Hund namens Jack, mag Pi\u00f1a Coladas,&#8230;<\/p>\n<p class=\"read-more\"><a class=\"btn btn-default\" href=\"http:\/\/boatingsoulmates.com\/?page_id=2\">Weiterlesen<span class=\"screen-reader-text\"> Weiterlesen<\/span><\/a><\/p>\n","protected":false},"author":1,"featured_media":0,"parent":0,"menu_order":0,"comment_status":"closed","ping_status":"open","template":"","meta":{"footnotes":""},"class_list":["post-2","page","type-page","status-publish","hentry"],"_links":{"self":[{"href":"http:\/\/boatingsoulmates.com\/index.php?rest_route=\/wp\/v2\/pages\/2","targetHints":{"allow":["GET"]}}],"collection":[{"href":"http:\/\/boatingsoulmates.com\/index.php?rest_route=\/wp\/v2\/pages"}],"about":[{"href":"http:\/\/boatingsoulmates.com\/index.php?rest_route=\/wp\/v2\/types\/page"}],"author":[{"embeddable":true,"href":"http:\/\/boatingsoulmates.com\/index.php?rest_route=\/wp\/v2\/users\/1"}],"replies":[{"embeddable":true,"href":"http:\/\/boatingsoulmates.com\/index.php?rest_route=%2Fwp%2Fv2%2Fcomments&post=2"}],"version-history":[{"count":1,"href":"http:\/\/boatingsoulmates.com\/index.php?rest_route=\/wp\/v2\/pages\/2\/revisions"}],"predecessor-version":[{"id":14,"href":"http:\/\/boatingsoulmates.com\/index.php?rest_route=\/wp\/v2\/pages\/2\/revisions\/14"}],"wp:attachment":[{"href":"http:\/\/boatingsoulmates.com\/index.php?rest_route=%2Fwp%2Fv2%2Fmedia&parent=2"}],"curies":[{"name":"wp","href":"https:\/\/api.w.org\/{rel}","templated":true}]}}